{"id":38,"date":"2025-02-07T20:52:33","date_gmt":"2025-02-07T20:52:33","guid":{"rendered":"https:\/\/pharox.pl\/wp3\/contacts\/"},"modified":"2025-02-09T17:07:40","modified_gmt":"2025-02-09T17:07:40","slug":"contacts","status":"publish","type":"page","link":"https:\/\/pharox.pl\/wp3\/contacts\/","title":{"rendered":"Contacts"},"content":{"rendered":"\n\n\n<h5>Witaj !<\/h5>\n<h3>Jakie masz dla nas wyzwanie ?\n<\/h3>\n<h4>wrzucamy do gry karty do\u015bwiadczenia, zaanga\u017cowania i umiej\u0119tno\u015bci naszych profesjonalist\u00f3w !&nbsp;<\/h4>\n<h4>napisz \/ zadzwo\u0144 i bierzmy si\u0119 do roboty!<\/h4>\n\n\n\n\n<h3>ZADZWO\u0143 do NAS<\/h3>\n<p>&nbsp; &nbsp; + 48 791 963 170<\/p>\n<p>&nbsp; &nbsp; + 48 665 332 207<\/p>\n<p><br><\/p>\n<p style=\"font-size: large;\">contact@pharox.pl<\/p>\n\n\n<h6>P H A R O X&nbsp; &nbsp; E M <\/h6>\n<h6>Budynek ETERNUM<\/h6>\n<p>ul. Nowomiejska 3&nbsp;<\/p>\n<p>80-864 Gda\u0144sk<\/p>\nGodziny pracy:\n<h5>Pon &#8211; Sob&nbsp; 8 -18<\/h5>\n\n\n<h6><br><\/h6>\n\n\n\n\n\n\n\n","protected":false},"excerpt":{"rendered":"","protected":false},"author":1,"featured_media":0,"parent":0,"menu_order":0,"comment_status":"closed","ping_status":"closed","template":"","meta":{"_siteseo_robots_primary_cat":"","pagelayer_contact_templates":[],"_pagelayer_content":"","footnotes":""},"class_list":["post-38","page","type-page","status-publish","hentry"],"_links":{"self":[{"href":"https:\/\/pharox.pl\/wp3\/wp-json\/wp\/v2\/pages\/38","targetHints":{"allow":["GET"]}}],"collection":[{"href":"https:\/\/pharox.pl\/wp3\/wp-json\/wp\/v2\/pages"}],"about":[{"href":"https:\/\/pharox.pl\/wp3\/wp-json\/wp\/v2\/types\/page"}],"author":[{"embeddable":true,"href":"https:\/\/pharox.pl\/wp3\/wp-json\/wp\/v2\/users\/1"}],"replies":[{"embeddable":true,"href":"https:\/\/pharox.pl\/wp3\/wp-json\/wp\/v2\/comments?post=38"}],"version-history":[{"count":4,"href":"https:\/\/pharox.pl\/wp3\/wp-json\/wp\/v2\/pages\/38\/revisions"}],"predecessor-version":[{"id":118,"href":"https:\/\/pharox.pl\/wp3\/wp-json\/wp\/v2\/pages\/38\/revisions\/118"}],"wp:attachment":[{"href":"https:\/\/pharox.pl\/wp3\/wp-json\/wp\/v2\/media?parent=38"}],"curies":[{"name":"wp","href":"https:\/\/api.w.org\/{rel}","templated":true}]}}